{"id":59,"date":"2020-09-16T05:16:41","date_gmt":"2020-09-16T05:16:41","guid":{"rendered":"http:\/\/smykkesutter.dk\/?page_id=59"},"modified":"2021-09-02T13:46:23","modified_gmt":"2021-09-02T11:46:23","slug":"about","status":"publish","type":"page","link":"https:\/\/smykkesutter.dk\/?page_id=59","title":{"rendered":"Om os"},"content":{"rendered":"\n<div class=\"wp-block-cover alignfull has-background-dim has-parallax\" style=\"background-image:url(http:\/\/smykkesutter.dk\/wp-content\/uploads\/2020\/09\/banner-04.jpg);background-color:#001d35;min-height:675px;aspect-ratio:unset;\"><div class=\"wp-block-cover__inner-container is-layout-flow wp-block-cover-is-layout-flow\">\n<p class=\"has-text-align-center has-large-font-size\">Om os<\/p>\n<\/div><\/div>\n\n\n\n<div class=\"wp-block-group alignfull has-white-background-color has-background\"><div class=\"wp-block-group__inner-container is-layout-flow wp-block-group-is-layout-flow\">\n<div class=\"wp-block-media-text has-media-on-the-right is-stacked-on-mobile is-vertically-aligned-center has-background\" style=\"background-color:#eeeeee\"><figure class=\"wp-block-media-text__media\"><img loading=\"lazy\" decoding=\"async\" width=\"1024\" height=\"576\" src=\"https:\/\/websitedemos.net\/brandstore-08\/wp-content\/uploads\/sites\/692\/2020\/09\/slide-image-free-img-1024x576.jpg\" alt=\"\" class=\"wp-image-44 size-full\" srcset=\"https:\/\/smykkesutter.dk\/wp-content\/uploads\/2020\/09\/slide-image-free-img-1024x576.jpg 1024w, https:\/\/smykkesutter.dk\/wp-content\/uploads\/2020\/09\/slide-image-free-img-600x338.jpg 600w, https:\/\/smykkesutter.dk\/wp-content\/uploads\/2020\/09\/slide-image-free-img-300x169.jpg 300w, https:\/\/smykkesutter.dk\/wp-content\/uploads\/2020\/09\/slide-image-free-img-768x432.jpg 768w, https:\/\/smykkesutter.dk\/wp-content\/uploads\/2020\/09\/slide-image-free-img.jpg 1200w\" sizes=\"auto, (max-width: 1024px) 100vw, 1024px\" \/><\/figure><div class=\"wp-block-media-text__content\">\n<div class=\"wp-block-group\"><div class=\"wp-block-group__inner-container is-layout-flow wp-block-group-is-layout-flow\">\n<h3 class=\"wp-block-heading\">Om os<\/h3>\n\n\n\n<p>Smykkesutter.dk drives af os, Thomas og Sofie, fordi vi selv bruger sut, og vi kunne fort\u00e6lle i timevis, hvordan vi selv og vores kunder har f\u00e5et forbedret s\u00f8vn og mental stimulation gennem disse sutter.<\/p>\n\n\n\n<p><strong>Thomas: <\/strong>Jeg er ingeni\u00f8r og konsulent, og jeg arbejder med softwareudvikling til dagligt. Jeg har brugt sut, siden jeg var helt ung, og jeg er glad for at v\u00e6re en del af den nye bevidsthed om, at vi kan p\u00e5virke vores mentale tilstand gennem de stimuli, som det giver at bruge sut.<\/p>\n\n\n\n<p><strong>Sofie: <\/strong>Jeg er &#8230;<\/p>\n<\/div><\/div>\n\n\n\n<p><\/p>\n<\/div><\/div>\n<\/div><\/div>\n\n\n\n<div class=\"wp-block-group alignfull\"><div class=\"wp-block-group__inner-container is-layout-flow wp-block-group-is-layout-flow\">\n<h4 class=\"has-text-align-center wp-block-heading\">A few words about\u200b<\/h4>\n\n\n\n<h2 class=\"has-text-align-center wp-block-heading\">OUR TEAM<\/h2>\n\n\n\n<hr class=\"wp-block-separator\"\/>\n\n\n\n<p class=\"has-text-align-center\">Nam nec tellus a odio tincidunt auctor a ornare odio. Sed non mauris vitae erat consequat auctor eu in elit. <br>Class aptent taciti sociosqu ad litora torquent per conubia nostra.<\/p>\n\n\n\n<div class=\"wp-block-columns alignwide are-vertically-aligned-center is-layout-flex wp-container-core-columns-is-layout-9d6595d7 wp-block-columns-is-layout-flex\">\n<div class=\"wp-block-column is-vertically-aligned-center is-layout-flow wp-block-column-is-layout-flow\">\n<div class=\"wp-block-group has-white-background-color has-background\"><div class=\"wp-block-group__inner-container is-layout-flow wp-block-group-is-layout-flow\">\n<div class=\"wp-block-image\"><figure class=\"aligncenter size-large is-resized\"><img loading=\"lazy\" decoding=\"async\" src=\"http:\/\/smykkesutter.dk\/wp-content\/uploads\/2020\/09\/team2-free-img.png\" alt=\"\" class=\"wp-image-47\" width=\"75\" height=\"75\" srcset=\"https:\/\/smykkesutter.dk\/wp-content\/uploads\/2020\/09\/team2-free-img.png 150w, https:\/\/smykkesutter.dk\/wp-content\/uploads\/2020\/09\/team2-free-img-100x100.png 100w\" sizes=\"auto, (max-width: 75px) 100vw, 75px\" \/><\/figure><\/div>\n\n\n\n<h4 class=\"has-text-align-center wp-block-heading\">Harvey Spector<\/h4>\n\n\n\n<p class=\"has-text-align-center has-vivid-cyan-blue-color has-text-color\">Founder \u2013 CEO<\/p>\n<\/div><\/div>\n<\/div>\n\n\n\n<div class=\"wp-block-column is-vertically-aligned-center is-layout-flow wp-block-column-is-layout-flow\">\n<div class=\"wp-block-group has-white-background-color has-background\"><div class=\"wp-block-group__inner-container is-layout-flow wp-block-group-is-layout-flow\">\n<div class=\"wp-block-image\"><figure class=\"aligncenter size-large is-resized\"><img loading=\"lazy\" decoding=\"async\" src=\"http:\/\/smykkesutter.dk\/wp-content\/uploads\/2020\/09\/team1-free-img.png\" alt=\"\" class=\"wp-image-46\" width=\"75\" height=\"75\" srcset=\"https:\/\/smykkesutter.dk\/wp-content\/uploads\/2020\/09\/team1-free-img.png 150w, https:\/\/smykkesutter.dk\/wp-content\/uploads\/2020\/09\/team1-free-img-100x100.png 100w\" sizes=\"auto, (max-width: 75px) 100vw, 75px\" \/><\/figure><\/div>\n\n\n\n<h4 class=\"has-text-align-center wp-block-heading\">Jessica Pearson<\/h4>\n\n\n\n<p class=\"has-text-align-center has-vivid-cyan-blue-color has-text-color\">COO<\/p>\n<\/div><\/div>\n<\/div>\n\n\n\n<div class=\"wp-block-column is-vertically-aligned-center is-layout-flow wp-block-column-is-layout-flow\">\n<div class=\"wp-block-group has-white-background-color has-background\"><div class=\"wp-block-group__inner-container is-layout-flow wp-block-group-is-layout-flow\">\n<div class=\"wp-block-image\"><figure class=\"aligncenter size-large is-resized\"><img loading=\"lazy\" decoding=\"async\" src=\"http:\/\/smykkesutter.dk\/wp-content\/uploads\/2020\/09\/team3-free-img.png\" alt=\"\" class=\"wp-image-48\" width=\"75\" height=\"75\" srcset=\"https:\/\/smykkesutter.dk\/wp-content\/uploads\/2020\/09\/team3-free-img.png 150w, https:\/\/smykkesutter.dk\/wp-content\/uploads\/2020\/09\/team3-free-img-100x100.png 100w\" sizes=\"auto, (max-width: 75px) 100vw, 75px\" \/><\/figure><\/div>\n\n\n\n<h4 class=\"has-text-align-center wp-block-heading\">Rachel Zain<\/h4>\n\n\n\n<p class=\"has-text-align-center has-vivid-cyan-blue-color has-text-color\">Marketing Head<\/p>\n<\/div><\/div>\n<\/div>\n<\/div>\n\n\n\n<div class=\"wp-block-columns alignwide are-vertically-aligned-center is-layout-flex wp-container-core-columns-is-layout-9d6595d7 wp-block-columns-is-layout-flex\">\n<div class=\"wp-block-column is-vertically-aligned-center is-layout-flow wp-block-column-is-layout-flow\">\n<div class=\"wp-block-group has-white-background-color has-background\"><div class=\"wp-block-group__inner-container is-layout-flow wp-block-group-is-layout-flow\">\n<div class=\"wp-block-image\"><figure class=\"aligncenter size-large is-resized\"><img loading=\"lazy\" decoding=\"async\" src=\"http:\/\/smykkesutter.dk\/wp-content\/uploads\/2020\/09\/team4free-img.png\" alt=\"\" class=\"wp-image-49\" width=\"75\" height=\"75\" srcset=\"https:\/\/smykkesutter.dk\/wp-content\/uploads\/2020\/09\/team4free-img.png 150w, https:\/\/smykkesutter.dk\/wp-content\/uploads\/2020\/09\/team4free-img-100x100.png 100w\" sizes=\"auto, (max-width: 75px) 100vw, 75px\" \/><\/figure><\/div>\n\n\n\n<h4 class=\"has-text-align-center wp-block-heading\">Luise Litt<\/h4>\n\n\n\n<p class=\"has-text-align-center has-vivid-cyan-blue-color has-text-color\">Lead Developer<\/p>\n<\/div><\/div>\n<\/div>\n\n\n\n<div class=\"wp-block-column is-vertically-aligned-center is-layout-flow wp-block-column-is-layout-flow\">\n<div class=\"wp-block-group has-white-background-color has-background\"><div class=\"wp-block-group__inner-container is-layout-flow wp-block-group-is-layout-flow\">\n<div class=\"wp-block-image\"><figure class=\"aligncenter size-large is-resized\"><img loading=\"lazy\" decoding=\"async\" src=\"http:\/\/smykkesutter.dk\/wp-content\/uploads\/2020\/09\/team5-free-img.png\" alt=\"\" class=\"wp-image-50\" width=\"75\" height=\"75\" srcset=\"https:\/\/smykkesutter.dk\/wp-content\/uploads\/2020\/09\/team5-free-img.png 150w, https:\/\/smykkesutter.dk\/wp-content\/uploads\/2020\/09\/team5-free-img-100x100.png 100w\" sizes=\"auto, (max-width: 75px) 100vw, 75px\" \/><\/figure><\/div>\n\n\n\n<h4 class=\"has-text-align-center wp-block-heading\">Katrina Bennett<\/h4>\n\n\n\n<p class=\"has-text-align-center has-vivid-cyan-blue-color has-text-color\">Intern Designer<\/p>\n<\/div><\/div>\n<\/div>\n\n\n\n<div class=\"wp-block-column is-vertically-aligned-center is-layout-flow wp-block-column-is-layout-flow\">\n<div class=\"wp-block-group has-white-background-color has-background\"><div class=\"wp-block-group__inner-container is-layout-flow wp-block-group-is-layout-flow\">\n<div class=\"wp-block-image\"><figure class=\"aligncenter size-large is-resized\"><img loading=\"lazy\" decoding=\"async\" src=\"http:\/\/smykkesutter.dk\/wp-content\/uploads\/2020\/09\/team6-free-img.png\" alt=\"\" class=\"wp-image-51\" width=\"75\" height=\"75\" srcset=\"https:\/\/smykkesutter.dk\/wp-content\/uploads\/2020\/09\/team6-free-img.png 150w, https:\/\/smykkesutter.dk\/wp-content\/uploads\/2020\/09\/team6-free-img-100x100.png 100w\" sizes=\"auto, (max-width: 75px) 100vw, 75px\" \/><\/figure><\/div>\n\n\n\n<h4 class=\"has-text-align-center wp-block-heading\">Marco Foster<\/h4>\n\n\n\n<p class=\"has-text-align-center has-vivid-cyan-blue-color has-text-color\">Intern Designer<\/p>\n<\/div><\/div>\n<\/div>\n<\/div>\n<\/div><\/div>\n\n\n\n<div class=\"wp-block-cover alignfull has-background-dim has-parallax\" style=\"background-image:url(http:\/\/smykkesutter.dk\/wp-content\/uploads\/2020\/09\/banner-05.jpg);background-color:#001d35;min-height:500px;aspect-ratio:unset;\"><div class=\"wp-block-cover__inner-container is-layout-flow wp-block-cover-is-layout-flow\">\n<div class=\"wp-block-group has-white-background-color has-background\"><div class=\"wp-block-group__inner-container is-layout-flow wp-block-group-is-layout-flow\">\n<div class=\"wp-block-group\"><div class=\"wp-block-group__inner-container is-layout-flow wp-block-group-is-layout-flow\">\n<h2 class=\"has-text-align-center has-text-color wp-block-heading\" style=\"color:#333333\">Follow Us<\/h2>\n\n\n\n<hr class=\"wp-block-separator\"\/>\n\n\n\n<ul class=\"wp-block-social-links aligncenter is-style-logos-only is-layout-flex wp-block-social-links-is-layout-flex\"><li class=\"wp-social-link wp-social-link-facebook  wp-block-social-link\"><a href=\"#\" class=\"wp-block-social-link-anchor\"><svg width=\"24\" height=\"24\" viewBox=\"0 0 24 24\" version=\"1.1\" xmlns=\"http:\/\/www.w3.org\/2000\/svg\" aria-hidden=\"true\" focusable=\"false\"><path d=\"M12 2C6.5 2 2 6.5 2 12c0 5 3.7 9.1 8.4 9.9v-7H7.9V12h2.5V9.8c0-2.5 1.5-3.9 3.8-3.9 1.1 0 2.2.2 2.2.2v2.5h-1.3c-1.2 0-1.6.8-1.6 1.6V12h2.8l-.4 2.9h-2.3v7C18.3 21.1 22 17 22 12c0-5.5-4.5-10-10-10z\"><\/path><\/svg><span class=\"wp-block-social-link-label screen-reader-text\">Facebook<\/span><\/a><\/li>\n\n<li class=\"wp-social-link wp-social-link-twitter  wp-block-social-link\"><a href=\"#\" class=\"wp-block-social-link-anchor\"><svg width=\"24\" height=\"24\" viewBox=\"0 0 24 24\" version=\"1.1\" xmlns=\"http:\/\/www.w3.org\/2000\/svg\" aria-hidden=\"true\" focusable=\"false\"><path d=\"M22.23,5.924c-0.736,0.326-1.527,0.547-2.357,0.646c0.847-0.508,1.498-1.312,1.804-2.27 c-0.793,0.47-1.671,0.812-2.606,0.996C18.324,4.498,17.257,4,16.077,4c-2.266,0-4.103,1.837-4.103,4.103 c0,0.322,0.036,0.635,0.106,0.935C8.67,8.867,5.647,7.234,3.623,4.751C3.27,5.357,3.067,6.062,3.067,6.814 c0,1.424,0.724,2.679,1.825,3.415c-0.673-0.021-1.305-0.206-1.859-0.513c0,0.017,0,0.034,0,0.052c0,1.988,1.414,3.647,3.292,4.023 c-0.344,0.094-0.707,0.144-1.081,0.144c-0.264,0-0.521-0.026-0.772-0.074c0.522,1.63,2.038,2.816,3.833,2.85 c-1.404,1.1-3.174,1.756-5.096,1.756c-0.331,0-0.658-0.019-0.979-0.057c1.816,1.164,3.973,1.843,6.29,1.843 c7.547,0,11.675-6.252,11.675-11.675c0-0.178-0.004-0.355-0.012-0.531C20.985,7.47,21.68,6.747,22.23,5.924z\"><\/path><\/svg><span class=\"wp-block-social-link-label screen-reader-text\">Twitter<\/span><\/a><\/li>\n\n<li class=\"wp-social-link wp-social-link-instagram  wp-block-social-link\"><a href=\"#\" class=\"wp-block-social-link-anchor\"><svg width=\"24\" height=\"24\" viewBox=\"0 0 24 24\" version=\"1.1\" xmlns=\"http:\/\/www.w3.org\/2000\/svg\" aria-hidden=\"true\" focusable=\"false\"><path d=\"M12,4.622c2.403,0,2.688,0.009,3.637,0.052c0.877,0.04,1.354,0.187,1.671,0.31c0.42,0.163,0.72,0.358,1.035,0.673 c0.315,0.315,0.51,0.615,0.673,1.035c0.123,0.317,0.27,0.794,0.31,1.671c0.043,0.949,0.052,1.234,0.052,3.637 s-0.009,2.688-0.052,3.637c-0.04,0.877-0.187,1.354-0.31,1.671c-0.163,0.42-0.358,0.72-0.673,1.035 c-0.315,0.315-0.615,0.51-1.035,0.673c-0.317,0.123-0.794,0.27-1.671,0.31c-0.949,0.043-1.233,0.052-3.637,0.052 s-2.688-0.009-3.637-0.052c-0.877-0.04-1.354-0.187-1.671-0.31c-0.42-0.163-0.72-0.358-1.035-0.673 c-0.315-0.315-0.51-0.615-0.673-1.035c-0.123-0.317-0.27-0.794-0.31-1.671C4.631,14.688,4.622,14.403,4.622,12 s0.009-2.688,0.052-3.637c0.04-0.877,0.187-1.354,0.31-1.671c0.163-0.42,0.358-0.72,0.673-1.035 c0.315-0.315,0.615-0.51,1.035-0.673c0.317-0.123,0.794-0.27,1.671-0.31C9.312,4.631,9.597,4.622,12,4.622 M12,3 C9.556,3,9.249,3.01,8.289,3.054C7.331,3.098,6.677,3.25,6.105,3.472C5.513,3.702,5.011,4.01,4.511,4.511 c-0.5,0.5-0.808,1.002-1.038,1.594C3.25,6.677,3.098,7.331,3.054,8.289C3.01,9.249,3,9.556,3,12c0,2.444,0.01,2.751,0.054,3.711 c0.044,0.958,0.196,1.612,0.418,2.185c0.23,0.592,0.538,1.094,1.038,1.594c0.5,0.5,1.002,0.808,1.594,1.038 c0.572,0.222,1.227,0.375,2.185,0.418C9.249,20.99,9.556,21,12,21s2.751-0.01,3.711-0.054c0.958-0.044,1.612-0.196,2.185-0.418 c0.592-0.23,1.094-0.538,1.594-1.038c0.5-0.5,0.808-1.002,1.038-1.594c0.222-0.572,0.375-1.227,0.418-2.185 C20.99,14.751,21,14.444,21,12s-0.01-2.751-0.054-3.711c-0.044-0.958-0.196-1.612-0.418-2.185c-0.23-0.592-0.538-1.094-1.038-1.594 c-0.5-0.5-1.002-0.808-1.594-1.038c-0.572-0.222-1.227-0.375-2.185-0.418C14.751,3.01,14.444,3,12,3L12,3z M12,7.378 c-2.552,0-4.622,2.069-4.622,4.622S9.448,16.622,12,16.622s4.622-2.069,4.622-4.622S14.552,7.378,12,7.378z M12,15 c-1.657,0-3-1.343-3-3s1.343-3,3-3s3,1.343,3,3S13.657,15,12,15z M16.804,6.116c-0.596,0-1.08,0.484-1.08,1.08 s0.484,1.08,1.08,1.08c0.596,0,1.08-0.484,1.08-1.08S17.401,6.116,16.804,6.116z\"><\/path><\/svg><span class=\"wp-block-social-link-label screen-reader-text\">Instagram<\/span><\/a><\/li>\n\n<li class=\"wp-social-link wp-social-link-google  wp-block-social-link\"><a href=\"#\" class=\"wp-block-social-link-anchor\"><svg width=\"24\" height=\"24\" viewBox=\"0 0 24 24\" version=\"1.1\" xmlns=\"http:\/\/www.w3.org\/2000\/svg\" aria-hidden=\"true\" focusable=\"false\"><path d=\"M12.02,10.18v3.72v0.01h5.51c-0.26,1.57-1.67,4.22-5.5,4.22c-3.31,0-6.01-2.75-6.01-6.12s2.7-6.12,6.01-6.12 c1.87,0,3.13,0.8,3.85,1.48l2.84-2.76C16.99,2.99,14.73,2,12.03,2c-5.52,0-10,4.48-10,10s4.48,10,10,10c5.77,0,9.6-4.06,9.6-9.77 c0-0.83-0.11-1.42-0.25-2.05H12.02z\"><\/path><\/svg><span class=\"wp-block-social-link-label screen-reader-text\">Google<\/span><\/a><\/li><\/ul>\n<\/div><\/div>\n<\/div><\/div>\n<\/div><\/div>\n\n\n\n<div class=\"wp-block-group alignfull\"><div class=\"wp-block-group__inner-container is-layout-flow wp-block-group-is-layout-flow\">\n<div class=\"wp-block-columns is-layout-flex wp-container-core-columns-is-layout-9d6595d7 wp-block-columns-is-layout-flex\">\n<div class=\"wp-block-column is-layout-flow wp-block-column-is-layout-flow\">\n<div class=\"wp-block-image\"><figure class=\"aligncenter size-large is-resized\"><img loading=\"lazy\" decoding=\"async\" src=\"http:\/\/smykkesutter.dk\/wp-content\/uploads\/2020\/09\/globe-free-img.png\" alt=\"\" class=\"wp-image-14\" width=\"60\" height=\"60\"\/><\/figure><\/div>\n\n\n\n<h6 class=\"has-text-align-center wp-block-heading\">GLOBAL SHIPPING<\/h6>\n\n\n\n<p class=\"has-text-align-center\">Lorem ipsum dolor sit amet, consectetur adipiscing elit. Ut elit.<\/p>\n<\/div>\n\n\n\n<div class=\"wp-block-column is-layout-flow wp-block-column-is-layout-flow\">\n<div class=\"wp-block-image\"><figure class=\"aligncenter size-large is-resized\"><img loading=\"lazy\" decoding=\"async\" src=\"http:\/\/smykkesutter.dk\/wp-content\/uploads\/2020\/09\/quality-free-img.png\" alt=\"\" class=\"wp-image-38\" width=\"60\" height=\"60\" srcset=\"https:\/\/smykkesutter.dk\/wp-content\/uploads\/2020\/09\/quality-free-img.png 120w, https:\/\/smykkesutter.dk\/wp-content\/uploads\/2020\/09\/quality-free-img-100x100.png 100w\" sizes=\"auto, (max-width: 60px) 100vw, 60px\" \/><\/figure><\/div>\n\n\n\n<h6 class=\"has-text-align-center wp-block-heading\">BEST QUALITY<\/h6>\n\n\n\n<p class=\"has-text-align-center\">Lorem ipsum dolor sit amet, consectetur adipiscing elit. Ut elit.<\/p>\n<\/div>\n\n\n\n<div class=\"wp-block-column is-layout-flow wp-block-column-is-layout-flow\">\n<div class=\"wp-block-image\"><figure class=\"aligncenter size-large is-resized\"><img loading=\"lazy\" decoding=\"async\" src=\"http:\/\/smykkesutter.dk\/wp-content\/uploads\/2020\/09\/tag-free-img.png\" alt=\"\" class=\"wp-image-45\" width=\"60\" height=\"60\" srcset=\"https:\/\/smykkesutter.dk\/wp-content\/uploads\/2020\/09\/tag-free-img.png 120w, https:\/\/smykkesutter.dk\/wp-content\/uploads\/2020\/09\/tag-free-img-100x100.png 100w\" sizes=\"auto, (max-width: 60px) 100vw, 60px\" \/><\/figure><\/div>\n\n\n\n<h6 class=\"has-text-align-center wp-block-heading\">BEST OFFERS<\/h6>\n\n\n\n<p class=\"has-text-align-center\">Lorem ipsum dolor sit amet, consectetur adipiscing elit. Ut elit.<\/p>\n<\/div>\n\n\n\n<div class=\"wp-block-column is-layout-flow wp-block-column-is-layout-flow\">\n<div class=\"wp-block-image\"><figure class=\"aligncenter size-large is-resized\"><img loading=\"lazy\" decoding=\"async\" src=\"http:\/\/smykkesutter.dk\/wp-content\/uploads\/2020\/09\/lock-free-img.png\" alt=\"\" class=\"wp-image-16\" width=\"60\" height=\"60\"\/><\/figure><\/div>\n\n\n\n<h6 class=\"has-text-align-center wp-block-heading\">SECURE PAYMENTS<\/h6>\n\n\n\n<p class=\"has-text-align-center\">Lorem ipsum dolor sit amet, consectetur adipiscing elit. Ut elit.<\/p>\n<\/div>\n<\/div>\n<\/div><\/div>\n","protected":false},"excerpt":{"rendered":"<p>Om os Smykkesutter.dk drives af os, Thomas og Sofie, fordi vi selv bruger sut, og vi kunne fort\u00e6lle i timevis, hvordan vi selv og vores kunder har f\u00e5et forbedret s\u00f8vn og mental stimulation gennem disse sutter. Thomas: Jeg er ingeni\u00f8r og konsulent, og jeg arbejder med softwareudvikling til dagligt. Jeg har brugt sut, siden jeg &hellip;<\/p>\n<p class=\"read-more\"> <a class=\"\" href=\"https:\/\/smykkesutter.dk\/?page_id=59\"> <span class=\"screen-reader-text\">Om os<\/span> L\u00e6s mere &raquo;<\/a><\/p>\n","protected":false},"author":1,"featured_media":0,"parent":0,"menu_order":0,"comment_status":"closed","ping_status":"closed","template":"","meta":{"om_disable_all_campaigns":false,"_monsterinsights_skip_tracking":false,"_monsterinsights_sitenote_active":false,"_monsterinsights_sitenote_note":"","_monsterinsights_sitenote_category":0,"spay_email":"","footnotes":""},"class_list":["post-59","page","type-page","status-publish","hentry"],"_links":{"self":[{"href":"https:\/\/smykkesutter.dk\/index.php?rest_route=\/wp\/v2\/pages\/59","targetHints":{"allow":["GET"]}}],"collection":[{"href":"https:\/\/smykkesutter.dk\/index.php?rest_route=\/wp\/v2\/pages"}],"about":[{"href":"https:\/\/smykkesutter.dk\/index.php?rest_route=\/wp\/v2\/types\/page"}],"author":[{"embeddable":true,"href":"https:\/\/smykkesutter.dk\/index.php?rest_route=\/wp\/v2\/users\/1"}],"replies":[{"embeddable":true,"href":"https:\/\/smykkesutter.dk\/index.php?rest_route=%2Fwp%2Fv2%2Fcomments&post=59"}],"version-history":[{"count":2,"href":"https:\/\/smykkesutter.dk\/index.php?rest_route=\/wp\/v2\/pages\/59\/revisions"}],"predecessor-version":[{"id":1367,"href":"https:\/\/smykkesutter.dk\/index.php?rest_route=\/wp\/v2\/pages\/59\/revisions\/1367"}],"wp:attachment":[{"href":"https:\/\/smykkesutter.dk\/index.php?rest_route=%2Fwp%2Fv2%2Fmedia&parent=59"}],"curies":[{"name":"wp","href":"https:\/\/api.w.org\/{rel}","templated":true}]}}