{"id":60,"date":"2020-09-16T05:16:57","date_gmt":"2020-09-16T05:16:57","guid":{"rendered":"http:\/\/smykkesutter.dk\/?page_id=60"},"modified":"2021-09-19T16:31:31","modified_gmt":"2021-09-19T14:31:31","slug":"contact-us","status":"publish","type":"page","link":"https:\/\/smykkesutter.dk\/?page_id=60","title":{"rendered":"Kontakt smykkesutter.dk her !"},"content":{"rendered":"\n<div class=\"wp-block-cover alignfull has-background-dim has-parallax\" style=\"background-image:url(http:\/\/smykkesutter.dk\/wp-content\/uploads\/2020\/09\/banner-06.jpg);background-color:#001d35;min-height:450px;aspect-ratio:unset;\"><div class=\"wp-block-cover__inner-container is-layout-flow wp-block-cover-is-layout-flow\">\n<h1 class=\"has-text-align-center wp-block-heading\">Kontakt os<\/h1>\n<\/div><\/div>\n\n\n\n<div class=\"wp-block-group alignfull has-background\" style=\"background-color:#f9f9f9\"><div class=\"wp-block-group__inner-container is-layout-flow wp-block-group-is-layout-flow\">\n<div class=\"wp-block-columns are-vertically-aligned-center is-layout-flex wp-container-core-columns-is-layout-9d6595d7 wp-block-columns-is-layout-flex\">\n<div class=\"wp-block-column is-vertically-aligned-center is-layout-flow wp-block-column-is-layout-flow\">\n<div class=\"wp-block-group alignfull has-white-background-color has-background\"><div class=\"wp-block-group__inner-container is-layout-flow wp-block-group-is-layout-flow\">\n<h2 class=\"wp-block-heading\">brug for r\u00e5dgivning, hj\u00e6lp, ris eller ros<\/h2>\n\n\n\n<h2 class=\"has-cyan-bluish-gray-color has-text-color wp-block-heading\">61 51 85 51<\/h2>\n<\/div><\/div>\n<\/div>\n\n\n\n<div class=\"wp-block-column is-vertically-aligned-center is-layout-flow wp-block-column-is-layout-flow\">\n<h4 class=\"wp-block-heading\">vi kan kontaktes p\u00e5<\/h4>\n\n\n\n<p>mandag &#8211; fredag 10.00 &#8211;  18.00<\/p>\n\n\n\n<p>l\u00f8rdag &#8211; s\u00f8ndag 12.00 &#8211; 20.00<\/p>\n\n\n\n<p>eller p\u00e5 mail : sofiepetersen186@gmail.com<\/p>\n<\/div>\n<\/div>\n<\/div><\/div>\n\n\n\n<div class=\"wp-block-group alignfull has-background\" style=\"background-color:#f9f9f9\"><div class=\"wp-block-group__inner-container is-layout-flow wp-block-group-is-layout-flow\">\n<div class=\"wp-block-group alignwide has-white-background-color has-background\"><div class=\"wp-block-group__inner-container is-layout-flow wp-block-group-is-layout-flow\">\n<h3 class=\"has-text-align-center wp-block-heading\">SEND US A MESSAGE<\/h3>\n\n\n<div class=\"wpforms-container \" id=\"wpforms-10\"><form id=\"wpforms-form-10\" class=\"wpforms-validate wpforms-form\" data-formid=\"10\" method=\"post\" enctype=\"multipart\/form-data\" action=\"\/index.php?rest_route=%2Fwp%2Fv2%2Fpages%2F60\" data-token=\"0df34763502063b94ed74afb988ee1a0\"><noscript class=\"wpforms-error-noscript\">Please enable JavaScript in your browser to complete this form.<\/noscript><div class=\"wpforms-field-container\"><div id=\"wpforms-10-field_0-container\" class=\"wpforms-field wpforms-field-name\" data-field-id=\"0\"><label class=\"wpforms-field-label\" for=\"wpforms-10-field_0\">name <span class=\"wpforms-required-label\">*<\/span><\/label><input type=\"text\" id=\"wpforms-10-field_0\" class=\"wpforms-field-large wpforms-field-required\" name=\"wpforms[fields][0]\" required><\/div><div id=\"wpforms-10-field_1-container\" class=\"wpforms-field wpforms-field-email\" data-field-id=\"1\"><label class=\"wpforms-field-label\" for=\"wpforms-10-field_1\">EMAIL <span class=\"wpforms-required-label\">*<\/span><\/label><input type=\"email\" id=\"wpforms-10-field_1\" class=\"wpforms-field-large wpforms-field-required\" name=\"wpforms[fields][1]\" required><\/div><div id=\"wpforms-10-field_3-container\" class=\"wpforms-field wpforms-field-text\" data-field-id=\"3\"><label class=\"wpforms-field-label\" for=\"wpforms-10-field_3\">SUBJECT<\/label><input type=\"text\" id=\"wpforms-10-field_3\" class=\"wpforms-field-large\" name=\"wpforms[fields][3]\" ><\/div><div id=\"wpforms-10-field_2-container\" class=\"wpforms-field wpforms-field-textarea\" data-field-id=\"2\"><label class=\"wpforms-field-label\" for=\"wpforms-10-field_2\">MESSAGE<\/label><textarea id=\"wpforms-10-field_2\" class=\"wpforms-field-medium\" name=\"wpforms[fields][2]\" ><\/textarea><\/div><\/div><div class=\"wpforms-field wpforms-field-hp\"><label for=\"wpforms-10-field-hp\" class=\"wpforms-field-label\">Email<\/label><input type=\"text\" name=\"wpforms[hp]\" id=\"wpforms-10-field-hp\" class=\"wpforms-field-medium\"><\/div><div class=\"wpforms-submit-container\" ><input type=\"hidden\" name=\"wpforms[id]\" value=\"10\"><input type=\"hidden\" name=\"wpforms[author]\" value=\"2\"><button type=\"submit\" name=\"wpforms[submit]\" class=\"wpforms-submit \" id=\"wpforms-submit-10\" value=\"wpforms-submit\" aria-live=\"assertive\" data-alt-text=\"Sending...\" data-submit-text=\"Send Message\">Send Message<\/button><\/div><\/form><\/div>  <!-- .wpforms-container --><\/div><\/div>\n<\/div><\/div>\n\n\n\n<div class=\"wp-block-group alignfull has-background\" style=\"background-color:#f9f9f9\"><div class=\"wp-block-group__inner-container is-layout-flow wp-block-group-is-layout-flow\">\n<div class=\"wp-block-columns is-layout-flex wp-container-core-columns-is-layout-9d6595d7 wp-block-columns-is-layout-flex\">\n<div class=\"wp-block-column is-layout-flow wp-block-column-is-layout-flow\">\n<div class=\"wp-block-image\"><figure class=\"aligncenter size-large is-resized\"><img loading=\"lazy\" decoding=\"async\" src=\"http:\/\/smykkesutter.dk\/wp-content\/uploads\/2020\/09\/globe-free-img.png\" alt=\"\" class=\"wp-image-14\" width=\"60\" height=\"60\"\/><\/figure><\/div>\n\n\n\n<h6 class=\"has-text-align-center wp-block-heading\">fragt over hele Danmark<\/h6>\n\n\n\n<p class=\"has-text-align-center\">vi sender til hele danmark, hurtig levering til en god pris.<\/p>\n<\/div>\n\n\n\n<div class=\"wp-block-column is-layout-flow wp-block-column-is-layout-flow\">\n<figure class=\"wp-block-gallery aligncenter columns-1 is-cropped wp-block-gallery-1 is-layout-flex wp-block-gallery-is-layout-flex\"><ul class=\"blocks-gallery-grid\"><li class=\"blocks-gallery-item\"><figure><img loading=\"lazy\" decoding=\"async\" width=\"1024\" height=\"900\" src=\"http:\/\/smykkesutter.dk\/wp-content\/uploads\/2021\/09\/2021-08-27-21.50.50-scaled-e1630569558810-1024x900.jpg\" alt=\"\" data-id=\"1360\" data-full-url=\"http:\/\/smykkesutter.dk\/wp-content\/uploads\/2021\/09\/2021-08-27-21.50.50-scaled-e1630569593261.jpg\" data-link=\"https:\/\/smykkesutter.dk\/?attachment_id=1360\" class=\"wp-image-1360\"\/><\/figure><\/li><\/ul><\/figure>\n\n\n\n<h6 class=\"has-text-align-center wp-block-heading\">Bedste kvalitet<\/h6>\n\n\n\n<p class=\"has-text-align-center\">Vi garanterer dig vi g\u00f8r alt i vores magt for den bedst mulige kvalitet, samt r\u00e5dgivning.<\/p>\n<\/div>\n\n\n\n<div class=\"wp-block-column is-layout-flow wp-block-column-is-layout-flow\">\n<div class=\"wp-block-image\"><figure class=\"aligncenter size-large is-resized\"><img loading=\"lazy\" decoding=\"async\" src=\"http:\/\/smykkesutter.dk\/wp-content\/uploads\/2020\/09\/tag-free-img.png\" alt=\"\" class=\"wp-image-45\" width=\"60\" height=\"60\" srcset=\"https:\/\/smykkesutter.dk\/wp-content\/uploads\/2020\/09\/tag-free-img.png 120w, https:\/\/smykkesutter.dk\/wp-content\/uploads\/2020\/09\/tag-free-img-100x100.png 100w\" sizes=\"auto, (max-width: 60px) 100vw, 60px\" \/><\/figure><\/div>\n\n\n\n<h6 class=\"has-text-align-center wp-block-heading\">Bedste tilbud<\/h6>\n\n\n\n<p class=\"has-text-align-center\">skriv til os p\u00e5 instagram, ved k\u00f8b af flere sutter og hvis man f\u00f8lger os laves personlige tilbud<\/p>\n<\/div>\n\n\n\n<div class=\"wp-block-column is-layout-flow wp-block-column-is-layout-flow\">\n\n\n<h6 class=\"has-text-align-center wp-block-heading\">Betaling<\/h6>\n\n\n\n<p>betaling foreg\u00e5r med kort gennem yourpay, og der sendes screenshot til os, med besked om hvilken sut, samt pakkeboks der skal sendes til<\/p>\n<\/div>\n<\/div>\n<\/div><\/div>\n","protected":false},"excerpt":{"rendered":"<p>brug for r\u00e5dgivning, hj\u00e6lp, ris eller ros 61 51 85 51 vi kan kontaktes p\u00e5 mandag &#8211; fredag 10.00 &#8211; 18.00 l\u00f8rdag &#8211; s\u00f8ndag 12.00 &#8211; 20.00 eller p\u00e5 mail : sofiepetersen186@gmail.com SEND US A MESSAGE fragt over hele Danmark vi sender til hele danmark, hurtig levering til en god pris. Bedste kvalitet Vi garanterer &hellip;<\/p>\n<p class=\"read-more\"> <a class=\"\" href=\"https:\/\/smykkesutter.dk\/?page_id=60\"> <span class=\"screen-reader-text\">Kontakt smykkesutter.dk her !<\/span> L\u00e6s mere &raquo;<\/a><\/p>\n","protected":false},"author":2,"featured_media":0,"parent":0,"menu_order":0,"comment_status":"closed","ping_status":"closed","template":"","meta":{"om_disable_all_campaigns":false,"_monsterinsights_skip_tracking":false,"_monsterinsights_sitenote_active":false,"_monsterinsights_sitenote_note":"","_monsterinsights_sitenote_category":0,"spay_email":"","footnotes":""},"class_list":["post-60","page","type-page","status-publish","hentry"],"_links":{"self":[{"href":"https:\/\/smykkesutter.dk\/index.php?rest_route=\/wp\/v2\/pages\/60","targetHints":{"allow":["GET"]}}],"collection":[{"href":"https:\/\/smykkesutter.dk\/index.php?rest_route=\/wp\/v2\/pages"}],"about":[{"href":"https:\/\/smykkesutter.dk\/index.php?rest_route=\/wp\/v2\/types\/page"}],"author":[{"embeddable":true,"href":"https:\/\/smykkesutter.dk\/index.php?rest_route=\/wp\/v2\/users\/2"}],"replies":[{"embeddable":true,"href":"https:\/\/smykkesutter.dk\/index.php?rest_route=%2Fwp%2Fv2%2Fcomments&post=60"}],"version-history":[{"count":2,"href":"https:\/\/smykkesutter.dk\/index.php?rest_route=\/wp\/v2\/pages\/60\/revisions"}],"predecessor-version":[{"id":1384,"href":"https:\/\/smykkesutter.dk\/index.php?rest_route=\/wp\/v2\/pages\/60\/revisions\/1384"}],"wp:attachment":[{"href":"https:\/\/smykkesutter.dk\/index.php?rest_route=%2Fwp%2Fv2%2Fmedia&parent=60"}],"curies":[{"name":"wp","href":"https:\/\/api.w.org\/{rel}","templated":true}]}}